{"id":10230,"date":"2022-10-13T08:30:27","date_gmt":"2022-10-13T08:30:27","guid":{"rendered":"https:\/\/www.playkojo.com\/blog-2\/"},"modified":"2022-10-13T08:30:28","modified_gmt":"2022-10-13T08:30:28","slug":"blog-2","status":"publish","type":"page","link":"https:\/\/www.playkojo.com\/en\/blog-2\/","title":{"rendered":"Blog"},"content":{"rendered":"\t\t<div data-elementor-type=\"wp-page\" data-elementor-id=\"10230\" class=\"elementor elementor-10230 elementor-494\">\n\t\t\t\t\t\t\t\t\t<section class=\"elementor-section elementor-top-section elementor-element elementor-element-65db52d elementor-section-boxed elementor-section-height-default elementor-section-height-default\" data-id=\"65db52d\" data-element_type=\"section\" data-settings=\"{&quot;background_background&quot;:&quot;classic&quot;}\">\n\t\t\t\t\t\t<div class=\"elementor-container elementor-column-gap-default\">\n\t\t\t\t\t<div class=\"elementor-column elementor-col-100 elementor-top-column elementor-element elementor-element-ec557a8\" data-id=\"ec557a8\" data-element_type=\"column\">\n\t\t\t<div class=\"elementor-widget-wrap elementor-element-populated\">\n\t\t\t\t\t\t\t\t<div class=\"elementor-element elementor-element-5298adb elementor-widget elementor-widget-heading\" data-id=\"5298adb\" data-element_type=\"widget\" data-widget_type=\"heading.default\">\n\t\t\t\t<div class=\"elementor-widget-container\">\n\t\t\t<h1 class=\"elementor-heading-title elementor-size-default\">blog<\/h1>\t\t<\/div>\n\t\t\t\t<\/div>\n\t\t\t\t\t<\/div>\n\t\t<\/div>\n\t\t\t\t\t\t\t<\/div>\n\t\t<\/section>\n\t\t\t\t<section class=\"elementor-section elementor-top-section elementor-element elementor-element-d26947d elementor-section-boxed elementor-section-height-default elementor-section-height-default\" data-id=\"d26947d\" data-element_type=\"section\">\n\t\t\t\t\t\t<div class=\"elementor-container elementor-column-gap-default\">\n\t\t\t\t\t<div class=\"elementor-column elementor-col-66 elementor-top-column elementor-element elementor-element-eee38ea\" data-id=\"eee38ea\" data-element_type=\"column\">\n\t\t\t<div class=\"elementor-widget-wrap elementor-element-populated\">\n\t\t\t\t\t\t\t\t<div class=\"elementor-element elementor-element-cfbeb9e uael-post__link-complete-yes elementor-widget elementor-widget-uael-posts\" data-id=\"cfbeb9e\" data-element_type=\"widget\" data-settings=\"{&quot;classic_slides_to_show&quot;:1,&quot;_animation&quot;:&quot;none&quot;,&quot;classic_slides_to_show_tablet&quot;:1,&quot;classic_slides_to_show_mobile&quot;:1,&quot;classic_pagination_type&quot;:&quot;ajax&quot;}\" data-widget_type=\"uael-posts.classic\">\n\t\t\t\t<div class=\"elementor-widget-container\">\n\t\t\t\t\t<div class=\"uael-post__header\">\n\t\t\t\t\t<\/div>\n\t\t<div class=\"uael-post__body\">\n\t\t\t\n\t\t\n\t\t<div class=\"uael-blog-terms-position- uael-post-image-top uael-post-grid uael-posts\" data-query-type=\"custom\" data-structure=\"normal\" data-layout=\"\" data-page=\"10230\" data-skin=\"classic\" data-filter-default=\"\" data-offset-top=\"30\" >\n\n\t\t\t\t\t\t\t<div class=\"uael-post-grid__inner uael-post__columns-1 uael-post__columns-tablet-1 uael-post__columns-mobile-1\">\n\t\t\t\n<div class=\"uael-post-wrapper   blog uncategorized \">\n\t<div class=\"uael-post__bg-wrap\">\n\n\t\t\t\t\t<a href=\"https:\/\/www.playkojo.com\/en\/kojo-guarantees-its-building-sets-for-life-and-favors-second-hand\/\" target=\"_self\" class=\"uael-post__complete-box-overlay\" aria-label=\"Link Complete Box\"><\/a>\n\t\t\t\t\n\t\t<div class=\"uael-post__inner-wrap\">\n\n\t\t\n\t\t\t\n\t\t\t<div class=\"uael-post__content-wrap\">\n\t\t\t\t\t<h3 class=\"uael-post__title\">\n\n\t\t\n\t\t\t\t\t\t<a href=\"https:\/\/www.playkojo.com\/en\/kojo-guarantees-its-building-sets-for-life-and-favors-second-hand\/\" target=\"_self\">\n\t\t\t\tKojo guarantees its building sets for life and favors second hand\t\t\t<\/a>\n\n\t\t\t\t<\/h3>\n\t\t\t\t\t<div class=\"uael-post__meta-data\">\n\t\t\t\t\t<span class=\"uael-post__date\">\n\t\t\t\t\t\t\t\t\t\t\t\t\t<i aria-hidden=\"true\" class=\"fa fa-calendar\"><\/i>\t\t\t\t\t\t\t\t\t\n\t\t\t10\/11\/2022\t\t<\/span>\n\t\t\t\t<\/div>\n\t\t\n\t\t<div class=\"uael-post__excerpt\">\n\t\t\t<p>When we started to imagine Kojo, we wanted to design a product that would respect our values: sustainable. Sustainable in its manufacture: Kojo is produced with ecological and environmentally friendly materials (PEFC wood, recycled bioplastic, upcycled fabric) Sustainable in its production: Kojo is entirely produced in France by a network &#8230;<\/p>\n\t\t<\/div>\n\n\t\t\t\t\t<a class=\"uael-post__read-more elementor-button\" href=\"https:\/\/www.playkojo.com\/en\/kojo-guarantees-its-building-sets-for-life-and-favors-second-hand\/\" target=\"_self\" aria-labelledby=\"uael-post-10470\">\n\t\t\t\t\t<span class=\"elementor-button-content-wrapper\">\n\t\t\t\t\t\t\t\t\t\t\t\t\t\t<span class=\"elementor-button-icon elementor-align-icon-left\">\n\n\t\t\t\t\t\t\t\t\t\n\t\t\t\t\t\t\t\t<\/span>\n\t\t\t\t\t\t\t\t\t\t\t\t\t\n\t\t\t\t\t\t<span class=\"elementor-button-text\" id=uael-post-10470>Read more \u2192<\/span>\n\t\t\t\t\t<\/span>\n\t\t\t\t<\/a>\n\t\t\t\t\t\t<\/div>\n\t\t\t\n\t\t<\/div>\n\t\t\n\t<\/div>\n\n<\/div>\n\n<div class=\"uael-post-wrapper   blog uncategorized \">\n\t<div class=\"uael-post__bg-wrap\">\n\n\t\t\t\t\t<a href=\"https:\/\/www.playkojo.com\/en\/what-is-an-ecological-toy\/\" target=\"_self\" class=\"uael-post__complete-box-overlay\" aria-label=\"Link Complete Box\"><\/a>\n\t\t\t\t\n\t\t<div class=\"uael-post__inner-wrap\">\n\n\t\t\n\t\t\t\n\t\t\t<div class=\"uael-post__content-wrap\">\n\t\t\t\t\t<h3 class=\"uael-post__title\">\n\n\t\t\n\t\t\t\t\t\t<a href=\"https:\/\/www.playkojo.com\/en\/what-is-an-ecological-toy\/\" target=\"_self\">\n\t\t\t\tWhat is an ecological toy?\t\t\t<\/a>\n\n\t\t\t\t<\/h3>\n\t\t\t\t\t<div class=\"uael-post__meta-data\">\n\t\t\t\t\t<span class=\"uael-post__date\">\n\t\t\t\t\t\t\t\t\t\t\t\t\t<i aria-hidden=\"true\" class=\"fa fa-calendar\"><\/i>\t\t\t\t\t\t\t\t\t\n\t\t\t13\/10\/2022\t\t<\/span>\n\t\t\t\t<\/div>\n\t\t\n\t\t<div class=\"uael-post__excerpt\">\n\t\t\t<p>An ecological toy is a toy that respects the environment and our beautiful blue planet throughout its existence, from its conception to its passage to the afterlife in toy heaven (they will join Pat, Samantha&#8217;s elephant cuddly toy who left too soon after an unfortunate washing machine accident, RIP). It &#8230;<\/p>\n\t\t<\/div>\n\n\t\t\t\t\t<a class=\"uael-post__read-more elementor-button\" href=\"https:\/\/www.playkojo.com\/en\/what-is-an-ecological-toy\/\" target=\"_self\" aria-labelledby=\"uael-post-10279\">\n\t\t\t\t\t<span class=\"elementor-button-content-wrapper\">\n\t\t\t\t\t\t\t\t\t\t\t\t\t\t<span class=\"elementor-button-icon elementor-align-icon-left\">\n\n\t\t\t\t\t\t\t\t\t\n\t\t\t\t\t\t\t\t<\/span>\n\t\t\t\t\t\t\t\t\t\t\t\t\t\n\t\t\t\t\t\t<span class=\"elementor-button-text\" id=uael-post-10279>Read more \u2192<\/span>\n\t\t\t\t\t<\/span>\n\t\t\t\t<\/a>\n\t\t\t\t\t\t<\/div>\n\t\t\t\n\t\t<\/div>\n\t\t\n\t<\/div>\n\n<\/div>\n\n<div class=\"uael-post-wrapper   blog uncategorized \">\n\t<div class=\"uael-post__bg-wrap\">\n\n\t\t\t\t\t<a href=\"https:\/\/www.playkojo.com\/en\/what-is-a-positive-education-toy\/\" target=\"_self\" class=\"uael-post__complete-box-overlay\" aria-label=\"Link Complete Box\"><\/a>\n\t\t\t\t\n\t\t<div class=\"uael-post__inner-wrap\">\n\n\t\t\n\t\t\t\n\t\t\t<div class=\"uael-post__content-wrap\">\n\t\t\t\t\t<h3 class=\"uael-post__title\">\n\n\t\t\n\t\t\t\t\t\t<a href=\"https:\/\/www.playkojo.com\/en\/what-is-a-positive-education-toy\/\" target=\"_self\">\n\t\t\t\tWhat is a positive education toy?\t\t\t<\/a>\n\n\t\t\t\t<\/h3>\n\t\t\t\t\t<div class=\"uael-post__meta-data\">\n\t\t\t\t\t<span class=\"uael-post__date\">\n\t\t\t\t\t\t\t\t\t\t\t\t\t<i aria-hidden=\"true\" class=\"fa fa-calendar\"><\/i>\t\t\t\t\t\t\t\t\t\n\t\t\t13\/10\/2022\t\t<\/span>\n\t\t\t\t<\/div>\n\t\t\n\t\t<div class=\"uael-post__excerpt\">\n\t\t\t<p>Positive education toy ? Why? The child is a formidable learning machine. For example, a child who has the opportunity to learn other languages before the age of 10 acquires them more easily and quickly than older children or adults. Creative toys help stimulate children&#8217;s creativity (who would have thought). &#8230;<\/p>\n\t\t<\/div>\n\n\t\t\t\t\t<a class=\"uael-post__read-more elementor-button\" href=\"https:\/\/www.playkojo.com\/en\/what-is-a-positive-education-toy\/\" target=\"_self\" aria-labelledby=\"uael-post-10275\">\n\t\t\t\t\t<span class=\"elementor-button-content-wrapper\">\n\t\t\t\t\t\t\t\t\t\t\t\t\t\t<span class=\"elementor-button-icon elementor-align-icon-left\">\n\n\t\t\t\t\t\t\t\t\t\n\t\t\t\t\t\t\t\t<\/span>\n\t\t\t\t\t\t\t\t\t\t\t\t\t\n\t\t\t\t\t\t<span class=\"elementor-button-text\" id=uael-post-10275>Read more \u2192<\/span>\n\t\t\t\t\t<\/span>\n\t\t\t\t<\/a>\n\t\t\t\t\t\t<\/div>\n\t\t\t\n\t\t<\/div>\n\t\t\n\t<\/div>\n\n<\/div>\n\n<div class=\"uael-post-wrapper   blog uncategorized \">\n\t<div class=\"uael-post__bg-wrap\">\n\n\t\t\t\t\t<a href=\"https:\/\/www.playkojo.com\/en\/kojo-x-futuramat-interview\/\" target=\"_self\" class=\"uael-post__complete-box-overlay\" aria-label=\"Link Complete Box\"><\/a>\n\t\t\t\t\n\t\t<div class=\"uael-post__inner-wrap\">\n\n\t\t\n\t\t\t\n\t\t\t<div class=\"uael-post__content-wrap\">\n\t\t\t\t\t<h3 class=\"uael-post__title\">\n\n\t\t\n\t\t\t\t\t\t<a href=\"https:\/\/www.playkojo.com\/en\/kojo-x-futuramat-interview\/\" target=\"_self\">\n\t\t\t\tKojo X FuturaMat interview\t\t\t<\/a>\n\n\t\t\t\t<\/h3>\n\t\t\t\t\t<div class=\"uael-post__meta-data\">\n\t\t\t\t\t<span class=\"uael-post__date\">\n\t\t\t\t\t\t\t\t\t\t\t\t\t<i aria-hidden=\"true\" class=\"fa fa-calendar\"><\/i>\t\t\t\t\t\t\t\t\t\n\t\t\t13\/10\/2022\t\t<\/span>\n\t\t\t\t<\/div>\n\t\t\n\t\t<div class=\"uael-post__excerpt\">\n\t\t\t<p>FuturaMat is a company that strives to develop innovative uses for renewable and natural resources. The circular economy is at the heart of the company&#8217;s policy. The production site located near Poitiers perfectly meets our need for local production, allowing us to reduce our carbon footprint as much as possible. &#8230;<\/p>\n\t\t<\/div>\n\n\t\t\t\t\t<a class=\"uael-post__read-more elementor-button\" href=\"https:\/\/www.playkojo.com\/en\/kojo-x-futuramat-interview\/\" target=\"_self\" aria-labelledby=\"uael-post-10271\">\n\t\t\t\t\t<span class=\"elementor-button-content-wrapper\">\n\t\t\t\t\t\t\t\t\t\t\t\t\t\t<span class=\"elementor-button-icon elementor-align-icon-left\">\n\n\t\t\t\t\t\t\t\t\t\n\t\t\t\t\t\t\t\t<\/span>\n\t\t\t\t\t\t\t\t\t\t\t\t\t\n\t\t\t\t\t\t<span class=\"elementor-button-text\" id=uael-post-10271>Read more \u2192<\/span>\n\t\t\t\t\t<\/span>\n\t\t\t\t<\/a>\n\t\t\t\t\t\t<\/div>\n\t\t\t\n\t\t<\/div>\n\t\t\n\t<\/div>\n\n<\/div>\n\t\t\t\t<\/div>\n\t\t\t\t\t\t\n\t\t<\/div>\n\n\t\t\t\t\t\t<\/div>\n\t\t<div class=\"uael-post__footer\">\n\t\t\t\t\t<\/div>\n\t\t\t\t<\/div>\n\t\t\t\t<\/div>\n\t\t\t\t\t<\/div>\n\t\t<\/div>\n\t\t\t\t<div class=\"elementor-column elementor-col-33 elementor-top-column elementor-element elementor-element-7b195e8 elementor-hidden-tablet elementor-hidden-phone\" data-id=\"7b195e8\" data-element_type=\"column\">\n\t\t\t<div class=\"elementor-widget-wrap elementor-element-populated\">\n\t\t\t\t\t\t\t\t<div class=\"elementor-element elementor-element-a461394 elementor-widget elementor-widget-sidebar\" data-id=\"a461394\" data-element_type=\"widget\" data-widget_type=\"sidebar.default\">\n\t\t\t\t<div class=\"elementor-widget-container\">\n\t\t\t<aside id=\"search-2\" class=\"widget widget_search\"><h2 class=\"widget-title\">rechercher<\/h2><form role=\"search\" method=\"get\" class=\"search-form\" action=\"https:\/\/www.playkojo.com\/en\/\">\n\t<label>\n\t\t<span class=\"screen-reader-text\">Search for:<\/span>\n\t\t<input type=\"search\" class=\"search-field\"  placeholder=\"Search &hellip;\" value=\"\" name=\"s\" tabindex=\"-1\">\n\t\t\t<\/label>\n\t\t\t<input type=\"submit\" class=\"search-submit\" value=\"Search\">\n\t<\/form>\n<\/aside>\n\t\t<aside id=\"recent-posts-2\" class=\"widget widget_recent_entries\">\n\t\t<h2 class=\"widget-title\">derniers articles<\/h2><nav aria-label=\"derniers articles\">\n\t\t<ul>\n\t\t\t\t\t\t\t\t\t\t\t<li>\n\t\t\t\t\t<a href=\"https:\/\/www.playkojo.com\/en\/kojo-guarantees-its-building-sets-for-life-and-favors-second-hand\/\">Kojo guarantees its building sets for life and favors second hand<\/a>\n\t\t\t\t\t\t\t\t\t<\/li>\n\t\t\t\t\t\t\t\t\t\t\t<li>\n\t\t\t\t\t<a href=\"https:\/\/www.playkojo.com\/en\/what-is-an-ecological-toy\/\">What is an ecological toy?<\/a>\n\t\t\t\t\t\t\t\t\t<\/li>\n\t\t\t\t\t\t\t\t\t\t\t<li>\n\t\t\t\t\t<a href=\"https:\/\/www.playkojo.com\/en\/what-is-a-positive-education-toy\/\">What is a positive education toy?<\/a>\n\t\t\t\t\t\t\t\t\t<\/li>\n\t\t\t\t\t\t\t\t\t\t\t<li>\n\t\t\t\t\t<a href=\"https:\/\/www.playkojo.com\/en\/kojo-x-futuramat-interview\/\">Kojo X FuturaMat interview<\/a>\n\t\t\t\t\t\t\t\t\t<\/li>\n\t\t\t\t\t<\/ul>\n\n\t\t<\/nav><\/aside>\t\t<\/div>\n\t\t\t\t<\/div>\n\t\t\t\t\t<\/div>\n\t\t<\/div>\n\t\t\t\t\t\t\t<\/div>\n\t\t<\/section>\n\t\t\t\t\t\t\t<\/div>\n\t\t","protected":false},"excerpt":{"rendered":"<p>blog L&#8217;interview Kojo X FuturaMat 05\/05\/2021 FuturaMat&nbsp;est une entreprise qui s&#8217;efforce de d\u00e9velopper des utilisations innovantes \u00e0 partir de ressources renouvelables et naturelles. L&#8217;\u00e9conomie circulaire est au c\u0153ur de la politique de l&#8217;entreprise. Le site de&nbsp;production situ\u00e9&nbsp;\u00e0 proximit\u00e9 de Poitiers r\u00e9pond parfaitement \u00e0 notre besoin d&#8217;une production locale nous permettant de r\u00e9duire au maximum notre &hellip;<\/p>\n<p class=\"read-more\"> <a class=\"\" href=\"https:\/\/www.playkojo.com\/en\/kojo-x-futuramat-interview\/\"> <span class=\"screen-reader-text\">Kojo X FuturaMat interview<\/span> Read More \u00bb<\/a><\/p>\n","protected":false},"author":1,"featured_media":0,"parent":0,"menu_order":0,"comment_status":"closed","ping_status":"closed","template":"elementor_header_footer","meta":{"site-sidebar-layout":"right-sidebar","site-content-layout":"page-builder","ast-site-content-layout":"","site-content-style":"default","site-sidebar-style":"default","ast-global-header-display":"","ast-banner-title-visibility":"","ast-main-header-display":"","ast-hfb-above-header-display":"","ast-hfb-below-header-display":"","ast-hfb-mobile-header-display":"","site-post-title":"disabled","ast-breadcrumbs-content":"","ast-featured-img":"disabled","footer-sml-layout":"","theme-transparent-header-meta":"disabled","adv-header-id-meta":"","stick-header-meta":"default","header-above-stick-meta":"","header-main-stick-meta":"","header-below-stick-meta":"","astra-migrate-meta-layouts":"","footnotes":""},"class_list":["post-10230","page","type-page","status-publish","hentry"],"yoast_head":"<!-- This site is optimized with the Yoast SEO plugin v21.1 - https:\/\/yoast.com\/wordpress\/plugins\/seo\/ -->\n<title>Le Blog de Kojo - The construction toy made in France<\/title>\n<meta name=\"description\" content=\"Discover our adventures and the values that our brand wishes to put forward in our blog dedicated to our construction toy.\" \/>\n<meta name=\"robots\" content=\"index, follow, max-snippet:-1, max-image-preview:large, max-video-preview:-1\" \/>\n<link rel=\"canonical\" href=\"https:\/\/www.playkojo.com\/en\/blog-2\/\" \/>\n<meta property=\"og:locale\" content=\"en_US\" \/>\n<meta property=\"og:type\" content=\"article\" \/>\n<meta property=\"og:title\" content=\"Le Blog de Kojo - The construction toy made in France\" \/>\n<meta property=\"og:description\" content=\"Discover our adventures and the values that our brand wishes to put forward in our blog dedicated to our construction toy.\" \/>\n<meta property=\"og:url\" content=\"https:\/\/www.playkojo.com\/en\/blog-2\/\" \/>\n<meta property=\"og:site_name\" content=\"Kojo\" \/>\n<meta property=\"article:modified_time\" content=\"2022-10-13T08:30:28+00:00\" \/>\n<meta name=\"twitter:card\" content=\"summary_large_image\" \/>\n<meta name=\"twitter:label1\" content=\"Est. reading time\" \/>\n\t<meta name=\"twitter:data1\" content=\"1 minute\" \/>\n<script type=\"application\/ld+json\" class=\"yoast-schema-graph\">{\"@context\":\"https:\/\/schema.org\",\"@graph\":[{\"@type\":\"WebPage\",\"@id\":\"https:\/\/www.playkojo.com\/en\/blog-2\/\",\"url\":\"https:\/\/www.playkojo.com\/en\/blog-2\/\",\"name\":\"Le Blog de Kojo - The construction toy made in France\",\"isPartOf\":{\"@id\":\"https:\/\/www.playkojo.com\/#website\"},\"datePublished\":\"2022-10-13T08:30:27+00:00\",\"dateModified\":\"2022-10-13T08:30:28+00:00\",\"description\":\"Discover our adventures and the values that our brand wishes to put forward in our blog dedicated to our construction toy.\",\"breadcrumb\":{\"@id\":\"https:\/\/www.playkojo.com\/en\/blog-2\/#breadcrumb\"},\"inLanguage\":\"en-US\",\"potentialAction\":[{\"@type\":\"ReadAction\",\"target\":[\"https:\/\/www.playkojo.com\/en\/blog-2\/\"]}]},{\"@type\":\"BreadcrumbList\",\"@id\":\"https:\/\/www.playkojo.com\/en\/blog-2\/#breadcrumb\",\"itemListElement\":[{\"@type\":\"ListItem\",\"position\":1,\"name\":\"Accueil\",\"item\":\"https:\/\/www.playkojo.com\/en\/\"},{\"@type\":\"ListItem\",\"position\":2,\"name\":\"Blog\"}]},{\"@type\":\"WebSite\",\"@id\":\"https:\/\/www.playkojo.com\/#website\",\"url\":\"https:\/\/www.playkojo.com\/\",\"name\":\"Kojo\",\"description\":\"le jeu de construction en bois et bioplastique recycl\u00e9\",\"publisher\":{\"@id\":\"https:\/\/www.playkojo.com\/#organization\"},\"potentialAction\":[{\"@type\":\"SearchAction\",\"target\":{\"@type\":\"EntryPoint\",\"urlTemplate\":\"https:\/\/www.playkojo.com\/?s={search_term_string}\"},\"query-input\":\"required name=search_term_string\"}],\"inLanguage\":\"en-US\"},{\"@type\":\"Organization\",\"@id\":\"https:\/\/www.playkojo.com\/#organization\",\"name\":\"Kojo\",\"url\":\"https:\/\/www.playkojo.com\/\",\"logo\":{\"@type\":\"ImageObject\",\"inLanguage\":\"en-US\",\"@id\":\"https:\/\/www.playkojo.com\/#\/schema\/logo\/image\/\",\"url\":\"https:\/\/www.playkojo.com\/wp-content\/uploads\/2021\/11\/Logo_Kojo_Bleu.svg\",\"contentUrl\":\"https:\/\/www.playkojo.com\/wp-content\/uploads\/2021\/11\/Logo_Kojo_Bleu.svg\",\"width\":185,\"height\":82,\"caption\":\"Kojo\"},\"image\":{\"@id\":\"https:\/\/www.playkojo.com\/#\/schema\/logo\/image\/\"}}]}<\/script>\n<!-- \/ Yoast SEO plugin. -->","yoast_head_json":{"title":"Le Blog de Kojo - The construction toy made in France","description":"Discover our adventures and the values that our brand wishes to put forward in our blog dedicated to our construction toy.","robots":{"index":"index","follow":"follow","max-snippet":"max-snippet:-1","max-image-preview":"max-image-preview:large","max-video-preview":"max-video-preview:-1"},"canonical":"https:\/\/www.playkojo.com\/en\/blog-2\/","og_locale":"en_US","og_type":"article","og_title":"Le Blog de Kojo - The construction toy made in France","og_description":"Discover our adventures and the values that our brand wishes to put forward in our blog dedicated to our construction toy.","og_url":"https:\/\/www.playkojo.com\/en\/blog-2\/","og_site_name":"Kojo","article_modified_time":"2022-10-13T08:30:28+00:00","twitter_card":"summary_large_image","twitter_misc":{"Est. reading time":"1 minute"},"schema":{"@context":"https:\/\/schema.org","@graph":[{"@type":"WebPage","@id":"https:\/\/www.playkojo.com\/en\/blog-2\/","url":"https:\/\/www.playkojo.com\/en\/blog-2\/","name":"Le Blog de Kojo - The construction toy made in France","isPartOf":{"@id":"https:\/\/www.playkojo.com\/#website"},"datePublished":"2022-10-13T08:30:27+00:00","dateModified":"2022-10-13T08:30:28+00:00","description":"Discover our adventures and the values that our brand wishes to put forward in our blog dedicated to our construction toy.","breadcrumb":{"@id":"https:\/\/www.playkojo.com\/en\/blog-2\/#breadcrumb"},"inLanguage":"en-US","potentialAction":[{"@type":"ReadAction","target":["https:\/\/www.playkojo.com\/en\/blog-2\/"]}]},{"@type":"BreadcrumbList","@id":"https:\/\/www.playkojo.com\/en\/blog-2\/#breadcrumb","itemListElement":[{"@type":"ListItem","position":1,"name":"Accueil","item":"https:\/\/www.playkojo.com\/en\/"},{"@type":"ListItem","position":2,"name":"Blog"}]},{"@type":"WebSite","@id":"https:\/\/www.playkojo.com\/#website","url":"https:\/\/www.playkojo.com\/","name":"Kojo","description":"le jeu de construction en bois et bioplastique recycl\u00e9","publisher":{"@id":"https:\/\/www.playkojo.com\/#organization"},"potentialAction":[{"@type":"SearchAction","target":{"@type":"EntryPoint","urlTemplate":"https:\/\/www.playkojo.com\/?s={search_term_string}"},"query-input":"required name=search_term_string"}],"inLanguage":"en-US"},{"@type":"Organization","@id":"https:\/\/www.playkojo.com\/#organization","name":"Kojo","url":"https:\/\/www.playkojo.com\/","logo":{"@type":"ImageObject","inLanguage":"en-US","@id":"https:\/\/www.playkojo.com\/#\/schema\/logo\/image\/","url":"https:\/\/www.playkojo.com\/wp-content\/uploads\/2021\/11\/Logo_Kojo_Bleu.svg","contentUrl":"https:\/\/www.playkojo.com\/wp-content\/uploads\/2021\/11\/Logo_Kojo_Bleu.svg","width":185,"height":82,"caption":"Kojo"},"image":{"@id":"https:\/\/www.playkojo.com\/#\/schema\/logo\/image\/"}}]}},"_links":{"self":[{"href":"https:\/\/www.playkojo.com\/en\/wp-json\/wp\/v2\/pages\/10230","targetHints":{"allow":["GET"]}}],"collection":[{"href":"https:\/\/www.playkojo.com\/en\/wp-json\/wp\/v2\/pages"}],"about":[{"href":"https:\/\/www.playkojo.com\/en\/wp-json\/wp\/v2\/types\/page"}],"author":[{"embeddable":true,"href":"https:\/\/www.playkojo.com\/en\/wp-json\/wp\/v2\/users\/1"}],"replies":[{"embeddable":true,"href":"https:\/\/www.playkojo.com\/en\/wp-json\/wp\/v2\/comments?post=10230"}],"version-history":[{"count":0,"href":"https:\/\/www.playkojo.com\/en\/wp-json\/wp\/v2\/pages\/10230\/revisions"}],"wp:attachment":[{"href":"https:\/\/www.playkojo.com\/en\/wp-json\/wp\/v2\/media?parent=10230"}],"curies":[{"name":"wp","href":"https:\/\/api.w.org\/{rel}","templated":true}]}}